{"id":302,"date":"2022-01-10T21:12:42","date_gmt":"2022-01-10T21:12:42","guid":{"rendered":"https:\/\/thfgc.dk\/?page_id=302"},"modified":"2025-02-23T20:12:58","modified_gmt":"2025-02-23T20:12:58","slug":"velkommen","status":"publish","type":"page","link":"https:\/\/dev3.thfgc.dk\/?page_id=302","title":{"rendered":"Velkommen"},"content":{"rendered":"\n<p>Torsdagsherrerne 2025<\/p>\n\n\n\n<p>Opstartsm\u00f8de mandag den 24 marts i klubben kl. 19:00<\/p>\n\n\n\n<hr class=\"wp-block-separator has-css-opacity\"\/>\n\n\n\n<p>Torsdagsherrernes form\u00e5l er at kombinere det herlige golfspil med kammeratlig samv\u00e6r. Der l\u00e6gges v\u00e6gt p\u00e5 gennem seri\u00f8s konkurrence, at udvikle den enkeltes evner som golfspiller og forst\u00e5else af golfregler og etiketter. Der skabes mulighed for at udvikle nye kammeratskaber og dermed fremme det sociale liv i Fredericia Golf Club.<\/p>\n\n\n\n<hr class=\"wp-block-separator has-css-opacity\"\/>\n\n\n\n<p>Bliv en del af f\u00e6llesskabet<\/p>\n\n\n\n<p>Alle mandlige medlemmer af FGC, der er fyldt 19 \u00e5r og med et handicap p\u00e5 36 og derunder, kan optages i Torsdagsherrerne.<\/p>\n\n\n\n<p>Du bliver medlem af Torsdagsherrerne ved at tilmelde dig p\u00e5 Golfbox her: <a href=\"https:\/\/tourentry.golfbox.dk\/?cid=3180189\">https:\/\/tourentry.golfbox.dk\/?cid=3180189<\/a>. Du er ogs\u00e5 meget velkommen til at kontakte Captain eller en fra bestyrelsen, som s\u00e5 vil bringe dig ind i klubben.<\/p>\n\n\n\n<p>Captain 2025:<\/p>\n\n\n\n<p>Frank Lagoni<\/p>\n\n\n\n<p>Tlf: 22 17 77 83<\/p>\n\n\n\n<p>Mail: franklagoni@gmail.com<\/p>\n\n\n\n<p>\u200b<\/p>\n\n\n\n<p>Kom godt ind i f\u00e6llesskabet<\/p>\n\n\n\n<p>Som ny kan det v\u00e6re ret overv\u00e6ldende hvad der er af turneringer, konkurrencer, regler, etiketter mm. Derfor vil vi gerne stille en \u201dTH FELLOW\u201d til r\u00e5dighed, som du kan g\u00e5 med de f\u00f8rste runder , s\u00e5ledes du gennem dialog og praksis kommer godt ind i klubben. &nbsp;Det er vigtigt, at vi f\u00e5r nye medlemmer rigtigt ind i TH, s\u00e5 de hurtigt bliver en del af f\u00e6llesskabet og de gode golfoplevelser.<\/p>\n\n\n\n<p>En Torsdagsherre hilser altid p\u00e5 alle og er \u00e5ben over for nye medlemmer. Vi spiller naturligvis alle en vigtig rolle, n\u00e5r nye medlemmer banker p\u00e5 d\u00f8ren, men en TH FELLOW holder et s\u00e6rligt v\u00e5gent \u00f8je med nye medlemmer og sikrer, at medlemmet bliver f\u00f8rt ind i alle klubbens facetter som rammer, regler, etiketter (f. eks hurtigt spil p\u00e5 banen), informationskanaler mm.<\/p>\n\n\n\n<p>I bestyrrelsen h\u00e5ber vi, at mange tilbyder sig som TH FELLOW. Nye medlemmer er vigtige for b\u00e5de FGC-TH og FGC.<\/p>\n\n\n\n<hr class=\"wp-block-separator has-css-opacity\"\/>\n\n\n\n<p>G\u00e6stespiller<\/p>\n\n\n\n<p>Du kan deltage som g\u00e6stespiller, hvis du opfylder TH-klubbens optagelses kriterier. G\u00e6stefee er 50 kr. og du deltager i pr\u00e6mier\u00e6kken. G\u00e6stefee indbetales til TH-kontoen f\u00f8r matchstart.<\/p>\n\n\n\n<p>Som g\u00e6stespiller skal du i lighed&nbsp; med medlemmer tilmelde dig en flight og turneringen i Golfbox. Hvis du gerne vil have vejledning kontakt Captain.<\/p>\n\n\n\n<hr class=\"wp-block-separator has-css-opacity\"\/>\n\n\n\n<p><\/p>\n\n\n\n<p>For yderligere information, se hjemmesidens match proportioner.<\/p>\n\n\n\n<p><\/p>\n\n\n\n<p>\u00c5rskontingent er kr. 850,-<\/p>\n\n\n\n<p>Betaling foretages ved overf\u00f8rsel til en af f\u00f8lgende:<\/p>\n\n\n\n<ul class=\"wp-block-list\">\n<li>TH konto 0757-322 420 4719<\/li>\n<\/ul>\n\n\n\n<ul class=\"wp-block-list\">\n<li>MobilePay p\u00e5 82714<\/li>\n<\/ul>\n\n\n\n<hr class=\"wp-block-separator has-css-opacity\"\/>\n","protected":false},"excerpt":{"rendered":"<p>Torsdagsherrerne 2025 Opstartsm\u00f8de mandag den 24 marts i klubben kl. 19:00 Torsdagsherrernes form\u00e5l er at kombinere det herlige golfspil med kammeratlig samv\u00e6r. Der l\u00e6gges v\u00e6gt p\u00e5 gennem seri\u00f8s konkurrence, at udvikle den enkeltes evner som golfspiller og forst\u00e5else af golfregler og etiketter. Der skabes mulighed for at udvikle nye kammeratskaber og dermed fremme det sociale [&hellip;]<\/p>\n","protected":false},"author":1,"featured_media":0,"parent":0,"menu_order":0,"comment_status":"closed","ping_status":"closed","template":"","meta":{"_bbp_topic_count":0,"_bbp_reply_count":0,"_bbp_total_topic_count":0,"_bbp_total_reply_count":0,"_bbp_voice_count":0,"_bbp_anonymous_reply_count":0,"_bbp_topic_count_hidden":0,"_bbp_reply_count_hidden":0,"_bbp_forum_subforum_count":0,"footnotes":""},"class_list":["post-302","page","type-page","status-publish","hentry","post"],"_links":{"self":[{"href":"https:\/\/dev3.thfgc.dk\/index.php?rest_route=\/wp\/v2\/pages\/302","targetHints":{"allow":["GET"]}}],"collection":[{"href":"https:\/\/dev3.thfgc.dk\/index.php?rest_route=\/wp\/v2\/pages"}],"about":[{"href":"https:\/\/dev3.thfgc.dk\/index.php?rest_route=\/wp\/v2\/types\/page"}],"author":[{"embeddable":true,"href":"https:\/\/dev3.thfgc.dk\/index.php?rest_route=\/wp\/v2\/users\/1"}],"replies":[{"embeddable":true,"href":"https:\/\/dev3.thfgc.dk\/index.php?rest_route=%2Fwp%2Fv2%2Fcomments&post=302"}],"version-history":[{"count":9,"href":"https:\/\/dev3.thfgc.dk\/index.php?rest_route=\/wp\/v2\/pages\/302\/revisions"}],"predecessor-version":[{"id":1379,"href":"https:\/\/dev3.thfgc.dk\/index.php?rest_route=\/wp\/v2\/pages\/302\/revisions\/1379"}],"wp:attachment":[{"href":"https:\/\/dev3.thfgc.dk\/index.php?rest_route=%2Fwp%2Fv2%2Fmedia&parent=302"}],"curies":[{"name":"wp","href":"https:\/\/api.w.org\/{rel}","templated":true}]}}