{"id":316,"date":"2022-01-11T10:18:03","date_gmt":"2022-01-11T10:18:03","guid":{"rendered":"https:\/\/thfgc.dk\/?page_id=316"},"modified":"2022-03-08T16:39:26","modified_gmt":"2022-03-08T16:39:26","slug":"turneringsbestemmelser-generelt","status":"publish","type":"page","link":"https:\/\/dev3.thfgc.dk\/?page_id=316","title":{"rendered":"Turneringsbestemmelser &#8211; generelt"},"content":{"rendered":"\n<hr class=\"wp-block-separator\"\/>\n\n\n\n<p>Torsdagsherrerne er optaget i FGC\u2019s turneringsprogram for at vores turneringer kan v\u00e6re t\u00e6llende.<\/p>\n\n\n\n<p>\u200b<\/p>\n\n\n\n<p>Captain er ansvarlig turneringsleder<\/p>\n\n\n\n<p>\u200b<\/p>\n\n\n\n<p>Spilstart og spiltidspunkter<\/p>\n\n\n\n<p>Turneringerne spilles fra 1. tee<\/p>\n\n\n\n<p>Prim\u00e6rt er der start mellem 13.00 og 16.00, hvilket ben\u00e6vnes normaltidspunktet.<\/p>\n\n\n\n<p>Hvis du ikke har mulighed for at sl\u00e5 ud i dette tidsrum, er det muligt at spille din TH runde f\u00f8r dette tidspunkt, dog skal det v\u00e6re p\u00e5 turnerings dagen. Sponsor og venskabs turneringer afvikles med gunstart og efterf\u00f8lgende spisning, hvorfor der ikke er mulighed for at spille disse matcher p\u00e5 et tidligere tidspunkt.<\/p>\n\n\n\n<p>Hvis du spiller f\u00f8r normaltidspunktet, skal du altid have et andet medlem af Torsdagsherrerne som medspiller\/mark\u00f8r, for at din score kan v\u00e6re t\u00e6llende i TH.<\/p>\n\n\n\n<p>Hvis du spiller f\u00f8r normaltidspunktet l\u00e6gges scorekortet i brevspr\u00e6kken ved dommerkontoret.<\/p>\n\n\n\n<p>Runden skal v\u00e6re afsluttet kl. 20.45. Dvs. scorekortet skal v\u00e6re afleveret. Ved sponsorturneringer vil sponsor v\u00e6re medbestemmende.<\/p>\n\n\n\n<p>Det er tilladt at spille p\u00e5 FGC\u2019s bane inden TH-turneringen. Der kan dog kun spilles \u00e9n t\u00e6llende runde til TH-turneringen samme dag.<\/p>\n\n\n\n<p>Forberedelse<\/p>\n\n\n\n<p>Tilmeld dig en flight i Golfbox<\/p>\n\n\n\n<p>Tilmelding til en torsdags turnering sker via Golfbox under Klubturnering og datoen. Her kan du l\u00e6se de specifikke regler for tilmelding til dagens turnering.<\/p>\n\n\n\n<p>Er du ikke tilmeldt dagens turnering, er du ikke med i dagens pr\u00e6mier\u00e6kke og &nbsp;i de gennemg\u00e5ende turneringer.&nbsp;<\/p>\n\n\n\n<p>Klarg\u00f8r til runden:<\/p>\n\n\n\n<ol class=\"wp-block-list\"><li>Udskriv scorekort fra standeren i klubhuset.<br>S\u00e5fremt du ikke kan det, udfyld et scorekort manuelt<ul><li>Skriv tydeligt dato, navn og TH + turneringsform<\/li><li>Skriv tydeligt antal streger&nbsp;<\/li><\/ul><\/li><li>Bem\u00e6rk hvor der er pr\u00e6mier til n\u00e6rmest hul og andre konkurrencer som f.eks. l\u00e6ngste drive eller lignende. Det er de huller der st\u00e5r i Golfbox der er t\u00e6llende<\/li><li>Byt scorekort med din medspiller\u200b<\/li><\/ol>\n\n\n\n<p><br>Under runden:<\/p>\n\n\n\n<ul class=\"wp-block-list\"><li>&nbsp;P\u00e5f\u00f8r din medspillers scorekort<ul><li>Antal forbrugte slag<\/li><li>Stableford point<\/li><li>Antal putts (p\u00e5f\u00f8res scorekortet ud for slagspilsscoren p\u00e5 det enkelte hul)<\/li><li>Register dine egne slag og puts til kontrolform\u00e5l<\/li><li>Skriv tydeligt, spids blyanten<\/li><\/ul><\/li><\/ul>\n\n\n\n<p>Efter runden:<\/p>\n\n\n\n<ul class=\"wp-block-list\"><li>Inden du afleverer scorekortet:<ul><li>Ved slagspil<ul><li>Udregn antal slag brutto<\/li><li>Udregn antal slag netto<\/li><li>Udregn antal putts<br>\u00a0<\/li><\/ul><\/li><li>Altid<ul><li>Udregn stableford point<br>\u00a0<\/li><\/ul><\/li><li>Kontroller med medspiller at I er enige om resultatet<\/li><li>Registrer antal putts online\/godkend som mark\u00f8r<\/li><li>Registrer n\u00e6rmest hul\/l\u00e6ngste drive online\/godkend som mark\u00f8r<\/li><li>Lukke huller &#8220;Bedste Brutto&#8221; online\/godkend som mark\u00f8r (husk evt \u00d8stjysk Masters kval)<\/li><li>Du skal med tydelig og letl\u00e6selig skrift udfylde og underskrive kortet<\/li><li>Du skal s\u00f8rge for, at din mark\u00f8r underskriver dit scorekort med tydelig og letl\u00e6selig skrift<\/li><li>Hvis kortet ikke er udfyldt korrekt, vil det medf\u00f8re diskvalifikation<br>\u00a0<\/li><\/ul><\/li><\/ul>\n\n\n\n<p>No Return<br>&nbsp;<\/p>\n\n\n\n<ul class=\"wp-block-list\"><li>En No Return er n\u00e5r en spiller ikke f\u00e6rdigspiller sin runde.<\/li><li>Er en spiller forhindret i at f\u00e6rdigg\u00f8re sin runde som f\u00f8lge af sygdom, tordenvejr eller anden gyldig grund, if\u00f8lge Captain, er han fritaget for straf.<\/li><li>En spiller der laver en No Return uden gyldig grund id\u00f8mmes en b\u00f8de p\u00e5 100,- kr. til den store TH-f\u00e6lleskasse.<\/li><\/ul>\n\n\n\n<hr class=\"wp-block-separator\"\/>\n","protected":false},"excerpt":{"rendered":"<p>Torsdagsherrerne er optaget i FGC\u2019s turneringsprogram for at vores turneringer kan v\u00e6re t\u00e6llende. \u200b Captain er ansvarlig turneringsleder \u200b Spilstart og spiltidspunkter Turneringerne spilles fra 1. tee Prim\u00e6rt er der start mellem 13.00 og 16.00, hvilket ben\u00e6vnes normaltidspunktet. Hvis du ikke har mulighed for at sl\u00e5 ud i dette tidsrum, er det muligt at spille [&hellip;]<\/p>\n","protected":false},"author":1,"featured_media":0,"parent":0,"menu_order":0,"comment_status":"closed","ping_status":"closed","template":"","meta":{"_bbp_topic_count":0,"_bbp_reply_count":0,"_bbp_total_topic_count":0,"_bbp_total_reply_count":0,"_bbp_voice_count":0,"_bbp_anonymous_reply_count":0,"_bbp_topic_count_hidden":0,"_bbp_reply_count_hidden":0,"_bbp_forum_subforum_count":0,"footnotes":""},"class_list":["post-316","page","type-page","status-publish","hentry","post"],"_links":{"self":[{"href":"https:\/\/dev3.thfgc.dk\/index.php?rest_route=\/wp\/v2\/pages\/316","targetHints":{"allow":["GET"]}}],"collection":[{"href":"https:\/\/dev3.thfgc.dk\/index.php?rest_route=\/wp\/v2\/pages"}],"about":[{"href":"https:\/\/dev3.thfgc.dk\/index.php?rest_route=\/wp\/v2\/types\/page"}],"author":[{"embeddable":true,"href":"https:\/\/dev3.thfgc.dk\/index.php?rest_route=\/wp\/v2\/users\/1"}],"replies":[{"embeddable":true,"href":"https:\/\/dev3.thfgc.dk\/index.php?rest_route=%2Fwp%2Fv2%2Fcomments&post=316"}],"version-history":[{"count":5,"href":"https:\/\/dev3.thfgc.dk\/index.php?rest_route=\/wp\/v2\/pages\/316\/revisions"}],"predecessor-version":[{"id":551,"href":"https:\/\/dev3.thfgc.dk\/index.php?rest_route=\/wp\/v2\/pages\/316\/revisions\/551"}],"wp:attachment":[{"href":"https:\/\/dev3.thfgc.dk\/index.php?rest_route=%2Fwp%2Fv2%2Fmedia&parent=316"}],"curies":[{"name":"wp","href":"https:\/\/api.w.org\/{rel}","templated":true}]}}