{"id":320,"date":"2022-01-11T10:21:24","date_gmt":"2022-01-11T10:21:24","guid":{"rendered":"https:\/\/thfgc.dk\/?page_id=320"},"modified":"2024-03-24T21:00:38","modified_gmt":"2024-03-24T21:00:38","slug":"turneringsbestemmelser-netto","status":"publish","type":"page","link":"https:\/\/dev3.thfgc.dk\/?page_id=320","title":{"rendered":"Turneringsbestemmelser &#8211; netto"},"content":{"rendered":"\n<hr class=\"wp-block-separator has-css-opacity\"\/>\n\n\n\n<p>Nettolisten<\/p>\n\n\n\n<ul class=\"wp-block-list\">\n<li>Alle slagspils- og stablefordturneringer p\u00e5 hjemmebane indg\u00e5r i Nettolisten \u00a0(Se turneringsprogrammet)<\/li>\n\n\n\n<li>Pointsystemet er beskrevet nedenfor<\/li>\n\n\n\n<li>En spillers 10 bedste resultater t\u00e6ller i Nettolisten<\/li>\n\n\n\n<li>Der spilles i 1 r\u00e6kke<\/li>\n\n\n\n<li>Netolisten Vinderen, er den spiller, der opn\u00e5r flest point af alle spillere.<\/li>\n\n\n\n<li>Point lighed p\u00e5 \u00e5ret afg\u00f8res ved flest bedste placeringer (1. plads, 2. plads etc)<\/li>\n\n\n\n<li>P\u00e5 dagen gives point efter placering efter nedenst\u00e5ende model. Hvis 2 eller flere har samme score p\u00e5 dagen. Vil der dog gives point forholdsvis. Har 3 spillere feks. en nettoscore p\u00e5 68, og dermed feks vinder turneringen vil alle 3 blive tildelt 20 point. Dermed vil 19 og 18 point udg\u00e5 for 2. og 3. pladsen. Nr. 4 vil s\u00e5 blive tildelt 17 point. Skulle andre nede af listen i top 20 ogs\u00e5 have lige gode scores, benyttes samme fremgangsm\u00e5de.<\/li>\n<\/ul>\n\n\n\n<p>Placering\/point:<\/p>\n\n\n\n<ol class=\"wp-block-list\">\n<li>20 point<\/li>\n\n\n\n<li>19 point<\/li>\n\n\n\n<li>18 point<\/li>\n\n\n\n<li>17 point<\/li>\n\n\n\n<li>16 point<\/li>\n\n\n\n<li>15 point<\/li>\n\n\n\n<li>14 point<\/li>\n\n\n\n<li>13 point<\/li>\n\n\n\n<li>12 point<\/li>\n\n\n\n<li>11 point<\/li>\n\n\n\n<li>10 poin<\/li>\n\n\n\n<li>9 point<\/li>\n\n\n\n<li>8 point<\/li>\n\n\n\n<li>7 point<\/li>\n\n\n\n<li>6 point<\/li>\n\n\n\n<li>5 point<\/li>\n\n\n\n<li>4 point<\/li>\n\n\n\n<li>3 point<\/li>\n\n\n\n<li>2 point<\/li>\n\n\n\n<li>herfra tildeles resten 1 point, s\u00e5fremt runden fuldf\u00f8res<\/li>\n<\/ol>\n\n\n\n<hr class=\"wp-block-separator has-css-opacity\"\/>\n","protected":false},"excerpt":{"rendered":"<p>Nettolisten Placering\/point:<\/p>\n","protected":false},"author":6,"featured_media":0,"parent":0,"menu_order":0,"comment_status":"closed","ping_status":"closed","template":"","meta":{"_bbp_topic_count":0,"_bbp_reply_count":0,"_bbp_total_topic_count":0,"_bbp_total_reply_count":0,"_bbp_voice_count":0,"_bbp_anonymous_reply_count":0,"_bbp_topic_count_hidden":0,"_bbp_reply_count_hidden":0,"_bbp_forum_subforum_count":0,"footnotes":""},"class_list":["post-320","page","type-page","status-publish","hentry","post"],"_links":{"self":[{"href":"https:\/\/dev3.thfgc.dk\/index.php?rest_route=\/wp\/v2\/pages\/320","targetHints":{"allow":["GET"]}}],"collection":[{"href":"https:\/\/dev3.thfgc.dk\/index.php?rest_route=\/wp\/v2\/pages"}],"about":[{"href":"https:\/\/dev3.thfgc.dk\/index.php?rest_route=\/wp\/v2\/types\/page"}],"author":[{"embeddable":true,"href":"https:\/\/dev3.thfgc.dk\/index.php?rest_route=\/wp\/v2\/users\/6"}],"replies":[{"embeddable":true,"href":"https:\/\/dev3.thfgc.dk\/index.php?rest_route=%2Fwp%2Fv2%2Fcomments&post=320"}],"version-history":[{"count":8,"href":"https:\/\/dev3.thfgc.dk\/index.php?rest_route=\/wp\/v2\/pages\/320\/revisions"}],"predecessor-version":[{"id":1300,"href":"https:\/\/dev3.thfgc.dk\/index.php?rest_route=\/wp\/v2\/pages\/320\/revisions\/1300"}],"wp:attachment":[{"href":"https:\/\/dev3.thfgc.dk\/index.php?rest_route=%2Fwp%2Fv2%2Fmedia&parent=320"}],"curies":[{"name":"wp","href":"https:\/\/api.w.org\/{rel}","templated":true}]}}