{"id":324,"date":"2022-01-11T10:22:06","date_gmt":"2022-01-11T10:22:06","guid":{"rendered":"https:\/\/thfgc.dk\/?page_id=324"},"modified":"2023-08-11T12:15:12","modified_gmt":"2023-08-11T11:15:12","slug":"turneringsbestemmelser-brutto","status":"publish","type":"page","link":"https:\/\/dev3.thfgc.dk\/?page_id=324","title":{"rendered":"Turneringsbestemmelser &#8211; brutto"},"content":{"rendered":"\n<hr class=\"wp-block-separator has-css-opacity\"\/>\n\n\n\n<p>Bedste Brutto i gennemg\u00e5ende turneringer&nbsp;<\/p>\n\n\n\n<p>\u200b<\/p>\n\n\n\n<ul class=\"wp-block-list\">\n<li>Alle t\u00e6llende turneringer i TH s\u00e6sonen der spilles p\u00e5 FGC\u00b4s bane indg\u00e5r i &nbsp;&#8220;Bedste Brutto&#8221; gennemg\u00e5ende turnering, med enkelte afvigelser (Se turneringsprogrammet). <\/li>\n<\/ul>\n\n\n\n<ul class=\"wp-block-list\">\n<li>Du skal lukke alle banens 18 huller &#8211; hul for hul &#8211; n\u00e5r du har din &#8220;\u00f8nske score&#8221; p\u00e5 et hul<br>&nbsp;<\/li>\n\n\n\n<li>&#8220;Bedste Brutto&#8221; godkendes online p\u00e5 denne hjemmeside under &#8220;TH modul &#8211; Min Profil &#8211; Bedste brutto &#8211; vis\/registrer score&#8221; Bem\u00e6rk kan kun lukkes\/registreres p\u00e5 den p\u00e5g\u00e6ldendes dag. Bem\u00e6rk \u00d8stjysk Masters kvalifikation lukker 10\/8 som sidste runde, den skal registreres online p\u00e5 samme vis. Den har sin egen &#8220;r\u00e6kke&#8221; l\u00e6ngere nede.<\/li>\n<\/ul>\n\n\n\n<ul class=\"wp-block-list\">\n<li>Bruttoscore godkendes ligeledes online af mark\u00f8r under &#8220;TH modul &#8211; Min Profil &#8211; Bedste brutto &#8211; bekr\u00e6ft score&#8221; Bem\u00e6rk kan kun bekr\u00e6ftes\/registreres p\u00e5 den p\u00e5g\u00e6ldende dag. Bem\u00e6rk der skal ogs\u00e5 godkendes \u00d8stjysk Masters kvalifikation l\u00e6ngere nede p\u00e5 siden.<\/li>\n<\/ul>\n\n\n\n<ul class=\"wp-block-list\">\n<li>&nbsp;&#8220;\u00c5rets bedste brutto&#8221; er den der har den laveste bruttoscore.<br>&nbsp;<\/li>\n\n\n\n<li>&nbsp;Force majeure lukning af bane og lign. ved s\u00e6son afslutning, vil sidste registreret runde blive t\u00e6llende.<\/li>\n<\/ul>\n\n\n\n<hr class=\"wp-block-separator has-css-opacity\"\/>\n","protected":false},"excerpt":{"rendered":"<p>Bedste Brutto i gennemg\u00e5ende turneringer&nbsp; \u200b<\/p>\n","protected":false},"author":1,"featured_media":0,"parent":0,"menu_order":0,"comment_status":"closed","ping_status":"closed","template":"","meta":{"_bbp_topic_count":0,"_bbp_reply_count":0,"_bbp_total_topic_count":0,"_bbp_total_reply_count":0,"_bbp_voice_count":0,"_bbp_anonymous_reply_count":0,"_bbp_topic_count_hidden":0,"_bbp_reply_count_hidden":0,"_bbp_forum_subforum_count":0,"footnotes":""},"class_list":["post-324","page","type-page","status-publish","hentry","post"],"_links":{"self":[{"href":"https:\/\/dev3.thfgc.dk\/index.php?rest_route=\/wp\/v2\/pages\/324","targetHints":{"allow":["GET"]}}],"collection":[{"href":"https:\/\/dev3.thfgc.dk\/index.php?rest_route=\/wp\/v2\/pages"}],"about":[{"href":"https:\/\/dev3.thfgc.dk\/index.php?rest_route=\/wp\/v2\/types\/page"}],"author":[{"embeddable":true,"href":"https:\/\/dev3.thfgc.dk\/index.php?rest_route=\/wp\/v2\/users\/1"}],"replies":[{"embeddable":true,"href":"https:\/\/dev3.thfgc.dk\/index.php?rest_route=%2Fwp%2Fv2%2Fcomments&post=324"}],"version-history":[{"count":5,"href":"https:\/\/dev3.thfgc.dk\/index.php?rest_route=\/wp\/v2\/pages\/324\/revisions"}],"predecessor-version":[{"id":1233,"href":"https:\/\/dev3.thfgc.dk\/index.php?rest_route=\/wp\/v2\/pages\/324\/revisions\/1233"}],"wp:attachment":[{"href":"https:\/\/dev3.thfgc.dk\/index.php?rest_route=%2Fwp%2Fv2%2Fmedia&parent=324"}],"curies":[{"name":"wp","href":"https:\/\/api.w.org\/{rel}","templated":true}]}}