{"id":327,"date":"2022-01-11T10:23:01","date_gmt":"2022-01-11T10:23:01","guid":{"rendered":"https:\/\/thfgc.dk\/?page_id=327"},"modified":"2024-05-11T07:26:23","modified_gmt":"2024-05-11T06:26:23","slug":"turneringsbestemmelser-hulspil","status":"publish","type":"page","link":"https:\/\/dev3.thfgc.dk\/?page_id=327","title":{"rendered":"Turneringsbestemmelser &#8211; hulspil"},"content":{"rendered":"\n<hr class=\"wp-block-separator has-css-opacity\"\/>\n\n\n\n<p><strong>Hulspilsturneringen\/Match Play<\/strong><\/p>\n\n\n\n<p><\/p>\n\n\n\n<p><\/p>\n\n\n\n<ul class=\"wp-block-list\">\n<li>Turneringen er en pulje og cupturnering<\/li>\n\n\n\n<li>Tilmelding til hulspilsturneringen sker ved indmeldelsen i Torsdagsherrerne<\/li>\n\n\n\n<li>Turneringen l\u00f8ber fra 22. april til 30. september 2022<\/li>\n\n\n\n<li>Finalen skal v\u00e6re afviklet inden 30. september 2022<\/li>\n<\/ul>\n\n\n\n<ul class=\"wp-block-list\">\n<li>Resultat efter hver match p\u00e5 SMS til Jesper Horsted p\u00e5 28762803: angiv PULJE, MATCHDELTAGERE, VINDER og RESULTAT (eks. (5\/4, 5 oppe med 4 huller tilbage)<\/li>\n<\/ul>\n\n\n\n<ul class=\"wp-block-list\">\n<li>Der vil v\u00e6re 4 seedninglag i puljerne fordelt efter hcp<\/li>\n<\/ul>\n\n\n\n<ul class=\"wp-block-list\">\n<li>Lodtr\u00e6kning til 1\/16finealerne vil blive foretaget med seedning til puljevinderne.<\/li>\n<\/ul>\n\n\n\n<ul class=\"wp-block-list\">\n<li>Der spilles med 7\/8 handicap. Se omregningstabel p\u00e5 opslagstavlen i bagrummet. Laveste antal slag bliver nulstillet og tr\u00e6kkes fra i modstanderens antal slag, de resterende slag fordeles efter handicapn\u00f8glen. Der spilles 18 huller. Du har selv ansvaret for at kontrollere b\u00e5de dit eget og din modstanders handicap f\u00f8r I starter ud.&nbsp;<\/li>\n<\/ul>\n\n\n\n<ul class=\"wp-block-list\">\n<li>Hulspilsmatch kan ikke afvikles sammen med anden TH-turnering.&nbsp;<br>&nbsp;<\/li>\n\n\n\n<li>Hvis der ikke er fundet en vinder n\u00e5r der spilles cup, og inden den opsl\u00e5ede frist, er begge spillere diskvalificerede! Husk en gentleman, gir&#8217; matchen i hulspil, hvis han fx. ikke kan f\u00e5 aftalt spilledato i tide!!<\/li>\n<\/ul>\n\n\n\n<ul class=\"wp-block-list\">\n<li>Ved afslutning af den indledende runde findes vinderen s\u00e5ledes:\n<ul class=\"wp-block-list\">\n<li>Spilleren med flest point vil blive vinder af puljen.<\/li>\n\n\n\n<li>Ved lighed i antal point vil f\u00f8lgende 2 scenarier blive aktiveret blandt spillerne med lige point:\n<ul class=\"wp-block-list\">\n<li>2a) hvis (kun) to spillere har lige mange matchpoints, er deres indbyrdes kamp afg\u00f8rende,\n<ul class=\"wp-block-list\">\n<li>ved fortsat lighed, flest &#8220;netto antal huller op&#8221; i puljen (= antal huller op i vundne kampe minus antal huller ned i tabte kampe).<\/li>\n<\/ul>\n<\/li>\n\n\n\n<li>2b) hvis mere end to\n<ul class=\"wp-block-list\">\n<li>Spillere har lige mange matchpoints, s\u00e5 flest &#8220;netto antal huller op&#8221;.<\/li>\n<\/ul>\n<\/li>\n<\/ul>\n<\/li>\n\n\n\n<li>Ved fortsat lige stilling i 2a) eller 2b) afg\u00f8res placeringen ved sudden death play-off&#8221;.<\/li>\n\n\n\n<li>Hvis et resultat af en match ikke er oplyst til matchlederen inden for tidsfristen, vil der blive tildelt 0 point til hver spiller for den ikke afholdte match<\/li>\n<\/ul>\n<\/li>\n<\/ul>\n\n\n\n<ul class=\"wp-block-list\">\n<li>Regler i forbindelse med den indledende runde:\n<ul class=\"wp-block-list\">\n<li>Hvis en spiller tr\u00e6kker sig, f\u00f8r han har spillet sin f\u00f8rste kamp, vil matchlederen fors\u00f8ge at finde en anden spiller.<\/li>\n\n\n\n<li>Hvis en spiller tr\u00e6kker sig, vil de modstandere, som han mangler at spille med, f\u00e5 tildelt 2 point og scoren \u201d1\/0\u201d,<\/li>\n\n\n\n<li>Hvis han har spillet en kamp i puljen bibeholdes resultatet i denne kamp.<\/li>\n\n\n\n<li>Hvis en 1. eller 2. plads tr\u00e6kker sig f\u00f8r mellemrunden, f\u00e5r nr. 3 i hans gruppe pladsen i mellem\u00adrunden.<br>&nbsp;<\/li>\n<\/ul>\n<\/li>\n\n\n\n<li>De 4 semifinalister er deltagere i \u00d8stjysk Masters 2022 (Se beskrivelsen under Information)<\/li>\n<\/ul>\n\n\n\n<hr class=\"wp-block-separator has-css-opacity\"\/>\n","protected":false},"excerpt":{"rendered":"<p>Hulspilsturneringen\/Match Play<\/p>\n","protected":false},"author":6,"featured_media":0,"parent":0,"menu_order":0,"comment_status":"closed","ping_status":"closed","template":"","meta":{"_bbp_topic_count":0,"_bbp_reply_count":0,"_bbp_total_topic_count":0,"_bbp_total_reply_count":0,"_bbp_voice_count":0,"_bbp_anonymous_reply_count":0,"_bbp_topic_count_hidden":0,"_bbp_reply_count_hidden":0,"_bbp_forum_subforum_count":0,"footnotes":""},"class_list":["post-327","page","type-page","status-publish","hentry","post"],"_links":{"self":[{"href":"https:\/\/dev3.thfgc.dk\/index.php?rest_route=\/wp\/v2\/pages\/327","targetHints":{"allow":["GET"]}}],"collection":[{"href":"https:\/\/dev3.thfgc.dk\/index.php?rest_route=\/wp\/v2\/pages"}],"about":[{"href":"https:\/\/dev3.thfgc.dk\/index.php?rest_route=\/wp\/v2\/types\/page"}],"author":[{"embeddable":true,"href":"https:\/\/dev3.thfgc.dk\/index.php?rest_route=\/wp\/v2\/users\/6"}],"replies":[{"embeddable":true,"href":"https:\/\/dev3.thfgc.dk\/index.php?rest_route=%2Fwp%2Fv2%2Fcomments&post=327"}],"version-history":[{"count":6,"href":"https:\/\/dev3.thfgc.dk\/index.php?rest_route=\/wp\/v2\/pages\/327\/revisions"}],"predecessor-version":[{"id":1324,"href":"https:\/\/dev3.thfgc.dk\/index.php?rest_route=\/wp\/v2\/pages\/327\/revisions\/1324"}],"wp:attachment":[{"href":"https:\/\/dev3.thfgc.dk\/index.php?rest_route=%2Fwp%2Fv2%2Fmedia&parent=327"}],"curies":[{"name":"wp","href":"https:\/\/api.w.org\/{rel}","templated":true}]}}