{"id":328,"date":"2022-01-11T10:23:12","date_gmt":"2022-01-11T10:23:12","guid":{"rendered":"https:\/\/thfgc.dk\/?page_id=328"},"modified":"2022-02-09T14:07:45","modified_gmt":"2022-02-09T14:07:45","slug":"turneringsbestemmelser-putts","status":"publish","type":"page","link":"https:\/\/dev3.thfgc.dk\/?page_id=328","title":{"rendered":"Turneringsbestemmelser &#8211; putts"},"content":{"rendered":"\n<hr class=\"wp-block-separator\"\/>\n\n\n\n<p>Bedste Putter<\/p>\n\n\n\n<p>\u200b<\/p>\n\n\n\n<ul class=\"wp-block-list\"><li>Alle slagspilsturneringer indg\u00e5r i &#8220;Bedste Putter&#8221; (Se turneringsprogrammet)<br>&nbsp;<\/li><li>Der spilles i en r\u00e6kke<br>&nbsp;<\/li><li>&#8220;\u00c5rets bedste putter&#8221; er den spiller, der har det laveste resultat over 10&nbsp;runder<\/li><\/ul>\n\n\n\n<ul class=\"wp-block-list\"><li>Det er antal putts p\u00e5 green der t\u00e6lles (ikke hvis man putter ind p\u00e5 green, som indspil)<ul><li>Er man p\u00e5begyndt puttning fra green og putter udenfor green t\u00e6ller efterf\u00f8lgende putts med i puttekonkurrencen<br>\u00a0<\/li><\/ul><\/li><li>Ved lige scores afg\u00f8res placering med h\u00f8jeste handicap som vinder<\/li><li>Putts registreres online under &#8211; TH Modul &#8211; Min Profil &#8211; Putts<\/li><li>Putts godkendes ligeledes online af mark\u00f8r under &#8211; TH Modul &#8211; Min Profil &#8211; Putts<\/li><\/ul>\n\n\n\n<hr class=\"wp-block-separator\"\/>\n","protected":false},"excerpt":{"rendered":"<p>Bedste Putter \u200b Alle slagspilsturneringer indg\u00e5r i &#8220;Bedste Putter&#8221; (Se turneringsprogrammet)&nbsp; Der spilles i en r\u00e6kke&nbsp; &#8220;\u00c5rets bedste putter&#8221; er den spiller, der har det laveste resultat over 10&nbsp;runder Det er antal putts p\u00e5 green der t\u00e6lles (ikke hvis man putter ind p\u00e5 green, som indspil) Er man p\u00e5begyndt puttning fra green og putter udenfor [&hellip;]<\/p>\n","protected":false},"author":1,"featured_media":0,"parent":0,"menu_order":0,"comment_status":"closed","ping_status":"closed","template":"","meta":{"_bbp_topic_count":0,"_bbp_reply_count":0,"_bbp_total_topic_count":0,"_bbp_total_reply_count":0,"_bbp_voice_count":0,"_bbp_anonymous_reply_count":0,"_bbp_topic_count_hidden":0,"_bbp_reply_count_hidden":0,"_bbp_forum_subforum_count":0,"footnotes":""},"class_list":["post-328","page","type-page","status-publish","hentry","post"],"_links":{"self":[{"href":"https:\/\/dev3.thfgc.dk\/index.php?rest_route=\/wp\/v2\/pages\/328","targetHints":{"allow":["GET"]}}],"collection":[{"href":"https:\/\/dev3.thfgc.dk\/index.php?rest_route=\/wp\/v2\/pages"}],"about":[{"href":"https:\/\/dev3.thfgc.dk\/index.php?rest_route=\/wp\/v2\/types\/page"}],"author":[{"embeddable":true,"href":"https:\/\/dev3.thfgc.dk\/index.php?rest_route=\/wp\/v2\/users\/1"}],"replies":[{"embeddable":true,"href":"https:\/\/dev3.thfgc.dk\/index.php?rest_route=%2Fwp%2Fv2%2Fcomments&post=328"}],"version-history":[{"count":5,"href":"https:\/\/dev3.thfgc.dk\/index.php?rest_route=\/wp\/v2\/pages\/328\/revisions"}],"predecessor-version":[{"id":538,"href":"https:\/\/dev3.thfgc.dk\/index.php?rest_route=\/wp\/v2\/pages\/328\/revisions\/538"}],"wp:attachment":[{"href":"https:\/\/dev3.thfgc.dk\/index.php?rest_route=%2Fwp%2Fv2%2Fmedia&parent=328"}],"curies":[{"name":"wp","href":"https:\/\/api.w.org\/{rel}","templated":true}]}}