{"id":338,"date":"2022-01-11T10:29:41","date_gmt":"2022-01-11T10:29:41","guid":{"rendered":"https:\/\/thfgc.dk\/?page_id=338"},"modified":"2025-02-25T18:58:22","modified_gmt":"2025-02-25T18:58:22","slug":"aarlig-weekendtur","status":"publish","type":"page","link":"https:\/\/dev3.thfgc.dk\/?page_id=338","title":{"rendered":"\u00c5rlig weekendtur"},"content":{"rendered":"\n<hr class=\"wp-block-separator has-css-opacity\"\/>\n\n\n\n<div class=\"wp-block-columns is-layout-flex wp-container-core-columns-is-layout-9d6595d7 wp-block-columns-is-layout-flex\">\n<div class=\"wp-block-column is-layout-flow wp-block-column-is-layout-flow\" style=\"flex-basis:33.33%\">\n<h3 class=\"wp-block-heading\" id=\"forlaenget-weekendtur-til\">2- Dagstur til <\/h3>\n<\/div>\n\n\n\n<div class=\"wp-block-column is-layout-flow wp-block-column-is-layout-flow\" style=\"flex-basis:33.33%\">\n<h4 class=\"wp-block-heading\" id=\"16-18-september-2022\">5 &#8211; 6 September 2025<\/h4>\n\n\n\n<p><\/p>\n<\/div>\n<\/div>\n\n\n\n<p>\u00c5rets weekendtur, f\u00f8rer os i \u00e5r til en bane syd p\u00e5, der ligger i helt ud til vand. <br>Banen er med meget gr\u00e6s, ligesom de gamle ber\u00f8mte baner i Skotland og England.\u00a0<br>I \u00e5r bliver det en 2-dags tur med fin pr\u00e6miemiddag i vante rammer hos Greenside Gastro.<\/p>\n\n\n\n<p>Vi skal bo p\u00e5 &#8220;Hotel ?&#8221; som ligger lige op af golfbanen.<\/p>\n\n\n\n<p><\/p>\n\n\n\n<p><\/p>\n\n\n\n<p><\/p>\n\n\n\n<div class=\"wp-block-group\"><div class=\"wp-block-group__inner-container is-layout-flow wp-block-group-is-layout-flow\">\n<div class=\"wp-block-columns are-vertically-aligned-top is-layout-flex wp-container-core-columns-is-layout-9d6595d7 wp-block-columns-is-layout-flex\">\n<div class=\"wp-block-column is-vertically-aligned-top is-layout-flow wp-block-column-is-layout-flow\" style=\"flex-basis:100%\">\n<div class=\"wp-block-media-text alignwide is-stacked-on-mobile\" style=\"grid-template-columns:59% auto\"><figure class=\"wp-block-media-text__media\"><img loading=\"lazy\" decoding=\"async\" width=\"1024\" height=\"1024\" src=\"http:\/\/thfgc.dk\/wp-content\/uploads\/2021\/08\/kvik-facebook-1024x1024.jpg\" alt=\"\" class=\"wp-image-209 size-full\" srcset=\"https:\/\/dev3.thfgc.dk\/wp-content\/uploads\/2021\/08\/kvik-facebook-1024x1024.jpg 1024w, https:\/\/dev3.thfgc.dk\/wp-content\/uploads\/2021\/08\/kvik-facebook-300x300.jpg 300w, https:\/\/dev3.thfgc.dk\/wp-content\/uploads\/2021\/08\/kvik-facebook-150x150.jpg 150w, https:\/\/dev3.thfgc.dk\/wp-content\/uploads\/2021\/08\/kvik-facebook-768x768.jpg 768w, https:\/\/dev3.thfgc.dk\/wp-content\/uploads\/2021\/08\/kvik-facebook-500x500.jpg 500w, https:\/\/dev3.thfgc.dk\/wp-content\/uploads\/2021\/08\/kvik-facebook.jpg 1200w\" sizes=\"auto, (max-width: 1024px) 100vw, 1024px\" \/><\/figure><div class=\"wp-block-media-text__content\">\n<p class=\"has-large-font-size\">Indhold: <\/p>\n\n\n\n<ul class=\"wp-block-list\">\n<li>2 x greenfee<\/li>\n\n\n\n<li>1 x overnatning I dobbeltv\u00e6relse<\/li>\n\n\n\n<li>1 x morgenmad<\/li>\n\n\n\n<li>2 x aftensmad<\/li>\n\n\n\n<li>Transport i bus <\/li>\n\n\n\n<li>Morgenmad i bussen fredag<\/li>\n<\/ul>\n\n\n\n<p class=\"has-large-font-size\">Pris: 1.995<\/p>\n\n\n\n<p><\/p>\n\n\n\n<figure class=\"wp-block-image\"><img decoding=\"async\" src=\"blob:https:\/\/thfgc.dk\/153825fe-9c82-40b5-bcd4-15fde0a45f32\" alt=\"\"\/><\/figure>\n<\/div><\/div>\n\n\n\n<div style=\"height:23px\" aria-hidden=\"true\" class=\"wp-block-spacer\"><\/div>\n\n\n\n<div class=\"wp-block-media-text alignwide is-stacked-on-mobile\" style=\"grid-template-columns:45% auto\"><figure class=\"wp-block-media-text__media\"><img loading=\"lazy\" decoding=\"async\" width=\"1024\" height=\"680\" src=\"http:\/\/thfgc.dk\/wp-content\/uploads\/2024\/03\/291899369_457701806167655_5754555520514372117_n-1024x680.jpg\" alt=\"\" class=\"wp-image-1306 size-full\" srcset=\"https:\/\/dev3.thfgc.dk\/wp-content\/uploads\/2024\/03\/291899369_457701806167655_5754555520514372117_n-1024x680.jpg 1024w, https:\/\/dev3.thfgc.dk\/wp-content\/uploads\/2024\/03\/291899369_457701806167655_5754555520514372117_n-300x199.jpg 300w, https:\/\/dev3.thfgc.dk\/wp-content\/uploads\/2024\/03\/291899369_457701806167655_5754555520514372117_n-768x510.jpg 768w, https:\/\/dev3.thfgc.dk\/wp-content\/uploads\/2024\/03\/291899369_457701806167655_5754555520514372117_n-272x182.jpg 272w, https:\/\/dev3.thfgc.dk\/wp-content\/uploads\/2024\/03\/291899369_457701806167655_5754555520514372117_n.jpg 1200w\" sizes=\"auto, (max-width: 1024px) 100vw, 1024px\" \/><\/figure><div class=\"wp-block-media-text__content\">\n<p class=\"has-large-font-size\">Tilmelding:<\/p>\n\n\n\n<p>Golfbox under klubturnering<\/p>\n\n\n\n<p>Sidste frist for tilmelding er 1\/8 2023<\/p>\n\n\n\n<p>Vi har 36 pladser (f\u00f8rst til m\u00f8lle)<\/p>\n\n\n\n<p><\/p>\n\n\n\n<div class=\"wp-block-buttons is-layout-flex wp-block-buttons-is-layout-flex\">\n<div class=\"wp-block-button\"><a class=\"wp-block-button__link wp-element-button\" href=\"https:\/\/tourentry.golfbox.dk\/?cid=3194626\">Tilmeld<\/a><\/div>\n<\/div>\n<\/div><\/div>\n<\/div>\n<\/div>\n<\/div><\/div>\n\n\n\n<p>Teetimes:<\/p>\n\n\n\n<p>Fredag fra kl. ??&nbsp; til ??&nbsp;(eftermiddag)<\/p>\n\n\n\n<p>L\u00f8rdag fra kl. ?? &nbsp;til ?? (morgen)<\/p>\n\n\n\n<p><\/p>\n\n\n\n<hr class=\"wp-block-separator has-css-opacity\"\/>\n","protected":false},"excerpt":{"rendered":"<p>2- Dagstur til 5 &#8211; 6 September 2025 \u00c5rets weekendtur, f\u00f8rer os i \u00e5r til en bane syd p\u00e5, der ligger i helt ud til vand. Banen er med meget gr\u00e6s, ligesom de gamle ber\u00f8mte baner i Skotland og England.\u00a0I \u00e5r bliver det en 2-dags tur med fin pr\u00e6miemiddag i vante rammer hos Greenside Gastro. [&hellip;]<\/p>\n","protected":false},"author":1,"featured_media":0,"parent":0,"menu_order":0,"comment_status":"closed","ping_status":"closed","template":"","meta":{"_bbp_topic_count":0,"_bbp_reply_count":0,"_bbp_total_topic_count":0,"_bbp_total_reply_count":0,"_bbp_voice_count":0,"_bbp_anonymous_reply_count":0,"_bbp_topic_count_hidden":0,"_bbp_reply_count_hidden":0,"_bbp_forum_subforum_count":0,"footnotes":""},"class_list":["post-338","page","type-page","status-publish","hentry","post"],"_links":{"self":[{"href":"https:\/\/dev3.thfgc.dk\/index.php?rest_route=\/wp\/v2\/pages\/338","targetHints":{"allow":["GET"]}}],"collection":[{"href":"https:\/\/dev3.thfgc.dk\/index.php?rest_route=\/wp\/v2\/pages"}],"about":[{"href":"https:\/\/dev3.thfgc.dk\/index.php?rest_route=\/wp\/v2\/types\/page"}],"author":[{"embeddable":true,"href":"https:\/\/dev3.thfgc.dk\/index.php?rest_route=\/wp\/v2\/users\/1"}],"replies":[{"embeddable":true,"href":"https:\/\/dev3.thfgc.dk\/index.php?rest_route=%2Fwp%2Fv2%2Fcomments&post=338"}],"version-history":[{"count":15,"href":"https:\/\/dev3.thfgc.dk\/index.php?rest_route=\/wp\/v2\/pages\/338\/revisions"}],"predecessor-version":[{"id":1385,"href":"https:\/\/dev3.thfgc.dk\/index.php?rest_route=\/wp\/v2\/pages\/338\/revisions\/1385"}],"wp:attachment":[{"href":"https:\/\/dev3.thfgc.dk\/index.php?rest_route=%2Fwp%2Fv2%2Fmedia&parent=338"}],"curies":[{"name":"wp","href":"https:\/\/api.w.org\/{rel}","templated":true}]}}