{"id":340,"date":"2022-01-11T10:30:44","date_gmt":"2022-01-11T10:30:44","guid":{"rendered":"https:\/\/thfgc.dk\/?page_id=340"},"modified":"2024-10-09T14:51:22","modified_gmt":"2024-10-09T13:51:22","slug":"praemier","status":"publish","type":"page","link":"https:\/\/dev3.thfgc.dk\/?page_id=340","title":{"rendered":"Pr\u00e6mier"},"content":{"rendered":"\n<hr class=\"wp-block-separator has-css-opacity\"\/>\n\n\n\n<ol class=\"wp-block-list\">\n<li><strong>Torsdage indtil oktober<\/strong><ul><li>Pr\u00e6mieoverr\u00e6kkelse for turneringen vil blive foretaget umiddelbart efter turneringen.<br>&nbsp;<\/li><li>For at modtage pr\u00e6mier skal du eller din stedfortr\u00e6der v\u00e6re til stede ved pr\u00e6mieoverr\u00e6kkelsen.<br>&nbsp;<\/li><li>Ved alle sponsorturneringer bliver der arrangeret spisning, som det er obligatorisk at deltage i for at v\u00e6re med i pr\u00e6mier\u00e6kkerne.<ul><li> Hvis du har betalt til Sponsorturneringen, men ikke kan spise med, s\u00e5<\/li><\/ul>t\u00e6ller resultatet med i \u00e5rets gennemg\u00e5ende turneringer, ligesom du handicapreguleres.<ul><li>&nbsp;<\/li><\/ul><\/li><li>N\u00e6rmest hul<ul><li>Der er pr\u00e6mier p\u00e5 mininum 2 huller hver torsdag<\/li><li>Den spiller, der er n\u00e6rmest hul p\u00e5 f\u00f8rste slag modtager en pr\u00e6mie<\/li><li>Hvis der laves Birdie, er det en flaske gin, gavekort eller lignende<\/li><li>Hvis der ikke laves Birdie, er det en flaske vin, gavekort eller lignende.<\/li><li>Ved sponsor- og venskabsturneringer kan det v\u00e6re anderledes<\/li><\/ul><\/li><\/ul>\n<ul class=\"wp-block-list\">\n<li>Nettoturnering (slagspil\/stableford)\n<ul class=\"wp-block-list\">\n<li>Der spilles i 2 r\u00e6kker en A- og en B-r\u00e6kke.<\/li>\n\n\n\n<li>Der er 4 pr\u00e6mier (nr. 1 og 2 i hver r\u00e6kke)\n<ul class=\"wp-block-list\">\n<li>Ved lige scores afg\u00f8res placeringer efter sidste 9, sidste 6, sidste 3, sidste hul eller laveste spillehandicap, i n\u00e6vnte r\u00e6kkef\u00f8lge.<br>&nbsp;<\/li>\n<\/ul>\n<\/li>\n<\/ul>\n<\/li>\n\n\n\n<li>Bruttopr\u00e6mie (slagspilsturneringer)\n<ul class=\"wp-block-list\">\n<li>Tildeles spilleren med den laveste bruttoscore (antal slag uden fratr\u00e6k af handicap)<\/li>\n\n\n\n<li>Der spilles i 1 r\u00e6kke<\/li>\n\n\n\n<li>Der er 1 pr\u00e6mie til den bedste\n<ul class=\"wp-block-list\">\n<li>Ved lige scores afg\u00f8res placering med h\u00f8jeste handicap som vinder.<br>&nbsp;<\/li>\n<\/ul>\n<\/li>\n<\/ul>\n<\/li>\n\n\n\n<li>Puttepr\u00e6mie (slagspilsturneringer)\n<ul class=\"wp-block-list\">\n<li>Tildeles spilleren med det laveste antal putts\n<ul class=\"wp-block-list\">\n<li>Antal putts anvendt p\u00e5 green<\/li>\n\n\n\n<li>Er man p\u00e5begyndt puttning og putter udenfor green, t\u00e6ller efterf\u00f8lgende putts med i puttekonkurrencen<\/li>\n<\/ul>\n<\/li>\n\n\n\n<li>Der spilles i 1 r\u00e6kke<\/li>\n\n\n\n<li>Der er 1 pr\u00e6mie til den bedste\n<ul class=\"wp-block-list\">\n<li>Ved lige scores afg\u00f8res placering med h\u00f8jeste handicap som vinder<br>&nbsp;<\/li>\n<\/ul>\n<\/li>\n<\/ul>\n<\/li>\n\n\n\n<li>Eagles og Albatrosser\n<ul class=\"wp-block-list\">\n<li>Der er pr\u00e6mier til alle Eagles og Albatrosser<br>&nbsp;<\/li>\n<\/ul>\n<\/li>\n<\/ul>\n<\/li>\n\n\n\n<li><strong>Torsdage i oktober<\/strong>\u200b\n<ul class=\"wp-block-list\">\n<li>Pr\u00e6mieoverr\u00e6kkelse for turneringen vil blive foretaget umiddelbart efter turneringen. Senest kl. 18.30.<br>\u00a0<\/li>\n\n\n\n<li>For at modtage pr\u00e6mier skal du eller din stedfortr\u00e6der v\u00e6re til stede ved pr\u00e6mieoverr\u00e6kkelsen, Er dette ikke tilf\u00e6ldet, tilfalder pr\u00e6mien Torsdagsherrerne.<br>&nbsp;<\/li>\n\n\n\n<li>N\u00e6rmest hul\n<ul class=\"wp-block-list\">\n<li>Vi spiller n\u00e6rmest 4.\u200b<\/li>\n<\/ul>\n<\/li>\n\n\n\n<li>Nettoturnering (stableford)\n<ul class=\"wp-block-list\">\n<li>Der spilles i 1 r\u00e6kke<\/li>\n\n\n\n<li>Der er 3 pr\u00e6mier (nr. 1, 2, 3)<\/li>\n\n\n\n<li>Ved lige scores afg\u00f8res placeringer efter sidste 9, sidste 6, sidste 3, sidste hul eller laveste spillehandicap, i n\u00e6vnte r\u00e6kkef\u00f8lge.<br>&nbsp;<\/li>\n<\/ul>\n<\/li>\n\n\n\n<li>Eagles og Albatrosser\n<ul class=\"wp-block-list\">\n<li>Der er pr\u00e6mier til alle Eagles og Albatrosser<br>&nbsp;<\/li>\n<\/ul>\n<\/li>\n<\/ul>\n<\/li>\n\n\n\n<li><strong>S\u00e6sonafslutning<\/strong>\n<ul class=\"wp-block-list\">\n<li>Der er pr\u00e6mie til \u00e5rets 3 bedste i KM Telecom Champion (Vandrepr\u00e6mie til nr. 1)<\/li>\n\n\n\n<li>Der er pr\u00e6mie til \u00e5rets 3 bedste puttere<\/li>\n\n\n\n<li>Der er pr\u00e6mie til \u00e5rets 3 bedste brutto<\/li>\n\n\n\n<li>Der er pr\u00e6mier til de 4 bedste i hulspil (Vandrepr\u00e6mie til nr.1)<\/li>\n\n\n\n<li>Der er pr\u00e6mier til de 10 bedste i &#8220;\u00c5rets Spiller&#8221;\u200b (Vandrepr\u00e6mie til nr.1)<\/li>\n\n\n\n<li>Der er pr\u00e6mie til den mest trofaste<\/li>\n\n\n\n<li>Der er pr\u00e6mie til den der procentvis g\u00e5r l\u00e6ngst ned i handicap i TH-s\u00e6sonen<\/li>\n\n\n\n<li>Der er pr\u00e6mie til den der g\u00e5r procentvis mest op i handicap i TH-s\u00e6sonen<\/li>\n<\/ul>\n<\/li>\n<\/ol>\n\n\n\n<hr class=\"wp-block-separator has-css-opacity\"\/>\n","protected":false},"excerpt":{"rendered":"","protected":false},"author":6,"featured_media":0,"parent":0,"menu_order":0,"comment_status":"closed","ping_status":"closed","template":"","meta":{"_bbp_topic_count":0,"_bbp_reply_count":0,"_bbp_total_topic_count":0,"_bbp_total_reply_count":0,"_bbp_voice_count":0,"_bbp_anonymous_reply_count":0,"_bbp_topic_count_hidden":0,"_bbp_reply_count_hidden":0,"_bbp_forum_subforum_count":0,"footnotes":""},"class_list":["post-340","page","type-page","status-publish","hentry","post"],"_links":{"self":[{"href":"https:\/\/dev3.thfgc.dk\/index.php?rest_route=\/wp\/v2\/pages\/340","targetHints":{"allow":["GET"]}}],"collection":[{"href":"https:\/\/dev3.thfgc.dk\/index.php?rest_route=\/wp\/v2\/pages"}],"about":[{"href":"https:\/\/dev3.thfgc.dk\/index.php?rest_route=\/wp\/v2\/types\/page"}],"author":[{"embeddable":true,"href":"https:\/\/dev3.thfgc.dk\/index.php?rest_route=\/wp\/v2\/users\/6"}],"replies":[{"embeddable":true,"href":"https:\/\/dev3.thfgc.dk\/index.php?rest_route=%2Fwp%2Fv2%2Fcomments&post=340"}],"version-history":[{"count":21,"href":"https:\/\/dev3.thfgc.dk\/index.php?rest_route=\/wp\/v2\/pages\/340\/revisions"}],"predecessor-version":[{"id":1347,"href":"https:\/\/dev3.thfgc.dk\/index.php?rest_route=\/wp\/v2\/pages\/340\/revisions\/1347"}],"wp:attachment":[{"href":"https:\/\/dev3.thfgc.dk\/index.php?rest_route=%2Fwp%2Fv2%2Fmedia&parent=340"}],"curies":[{"name":"wp","href":"https:\/\/api.w.org\/{rel}","templated":true}]}}