{"id":344,"date":"2022-01-11T10:32:06","date_gmt":"2022-01-11T10:32:06","guid":{"rendered":"https:\/\/thfgc.dk\/?page_id=344"},"modified":"2025-02-23T20:30:17","modified_gmt":"2025-02-23T20:30:17","slug":"oestjysk-masters","status":"publish","type":"page","link":"https:\/\/dev3.thfgc.dk\/?page_id=344","title":{"rendered":"Sparekassen Danmark Masters 2025"},"content":{"rendered":"\n<p class=\"has-text-align-center\"><\/p>\n\n\n\n<figure class=\"wp-block-table\"><table><tbody><tr><td>Hulspil 1<\/td><td>Hulspil 2<\/td><td>Hulspil 3<\/td><td>Hulspil 4<\/td><\/tr><tr><td>\u00d8M Rangliste 1<\/td><td>\u00d8M Rangliste 2<\/td><td>Brutto 1<\/td><td>Brutto 2<\/td><\/tr><tr><td>Netto A 1<\/td><td>Netto A 2<\/td><td>Netto B 1<\/td><td>Netto B 2<\/td><\/tr><tr><td>Captain<\/td><td>Vice Captain<\/td><td>Captains Pick 1<\/td><td>Captains Pick 2<\/td><\/tr><tr><td>Captains Pick 3<\/td><td>Captains Pick 4<\/td><td>Reserve 1<\/td><td>Reserve 2<\/td><\/tr><\/tbody><\/table><\/figure>\n\n\n\n<p><\/p>\n\n\n\n<p><span style=\"font-weight: bold; text-decoration: underline;\"><strong>\u00d8STJYSK MASTERS 20 &#8211; 09 &#8211; 2025 AFHOLDES p\u00e5 Gyttegaard GOL<\/strong><\/span><span style=\"text-decoration: underline;\"><strong>F KLUB<\/strong><\/span><strong> <\/strong><\/p>\n\n\n\n<p><\/p>\n\n\n\n<p><\/p>\n\n\n\n<p><\/p>\n\n\n\n<p><\/p>\n\n\n\n<p>Der vil blive udtaget 18 spillere, samt 2 reserver til den prestigefyldte turnering.<\/p>\n\n\n\n<p>Turneringen vil blive afholdt som heldagsarrangement l\u00f8rdag d. 9. September, 2023 Man kvalificerer sig i flg r\u00e6kkef\u00f8lge:<\/p>\n\n\n\n<ul class=\"wp-block-list\">\n<li>4 semifinalister fra hulspils turneringen<\/li>\n\n\n\n<li>Bedste brutto (\u00d8stjysk Masters kvalifikation)<\/li>\n\n\n\n<li>Bedst i \u00e5rets spiller<\/li>\n\n\n\n<li>8 bedst placerede i KM Telecom Championship pr 10\/8<\/li>\n\n\n\n<li>4 Wildcards (Captains pick)<\/li>\n\n\n\n<li>2 reserver<\/li>\n<\/ul>\n\n\n\n<p>M\u00e5 de bedst Torsdagsherrer forsvare vores \u00e6re!!<\/p>\n\n\n\n<p><\/p>\n\n\n\n<p>L\u00f8rdag den 9. Sept blev den traditionsrige Masters afholdt i Vejle. I sidste \u00f8jeblik lykkedes det at finde to sponsorer der hver bidrog med 10.000kr, Autocom og Middelfart Sparrekasse, s\u00e5 turneringen kom til at hedde Autocom\/Midspar Cup. Der skal lyde et k\u00e6mpe tak til dem.<\/p>\n\n\n\n<p><\/p>\n\n\n\n<p>Vi havde til dagen f\u00e5et sammensat et rigtig st\u00e6rkt hold, trods flere der var kvalificeret, ikke kunne deltage.<\/p>\n\n\n\n<p>Efter formiddagens fourballs l\u00e5 vi sidst med 13,5 point. I eftermiddagens singler fik vi k\u00e6mpet os frem til en andenplads foran Odder og Gytteg\u00e5rd, men Vejle kunne vi desv\u00e6rre ikke hente, trods 6 f\u00f8rstepladser og 5 andenpladser i vores firebolds singler. Vi fik 15,5 point i singlerne og ialt 29 point.<br>Tak til alle mand og tak til Vejle for et velgennemf\u00f8rt arrangement hvor alt bare klappede til perfektion. Vi gl\u00e6der os allerede til n\u00e6ste \u00e5r hvor vi skal dyste i Odder.<\/p>\n\n\n\n<p>Holdet bestod af f\u00f8lgende spillere<\/p>\n\n\n\n<p>Udtaget p\u00e5:<\/p>\n\n\n\n<p>Hulspil : Niels Chr Hammelev, Jesper Horsted, Clavs Elmann<\/p>\n\n\n\n<p>Brutto: Nicolaj Lund Antonsen<\/p>\n\n\n\n<p>Netto: Jacob Johansen, Claus M\u00f8ldrup, Gert Dalgaard, Poul Brandt, Johnny Lykkebo<\/p>\n\n\n\n<p>\u00c5rets spiller: Cliff Jensen, Morten Weng, Henrik Helios, Ole Ladegaard, Keld Andkj\u00e6r, Palle Holt, Frits Thorhauge, <\/p>\n\n\n\n<p>Wild Card: Anders Jakobsen, Lars Kj\u00e6r<\/p>\n\n\n\n<p><\/p>\n\n\n\n<p><\/p>\n\n\n\n<p><\/p>\n\n\n\n<p><\/p>\n\n\n\n<hr class=\"wp-block-separator has-alpha-channel-opacity\"\/>\n","protected":false},"excerpt":{"rendered":"<p>Hulspil 1 Hulspil 2 Hulspil 3 Hulspil 4 \u00d8M Rangliste 1 \u00d8M Rangliste 2 Brutto 1 Brutto 2 Netto A 1 Netto A 2 Netto B 1 Netto B 2 Captain Vice Captain Captains Pick 1 Captains Pick 2 Captains Pick 3 Captains Pick 4 Reserve 1 Reserve 2 \u00d8STJYSK MASTERS 20 &#8211; 09 &#8211; [&hellip;]<\/p>\n","protected":false},"author":1,"featured_media":0,"parent":0,"menu_order":0,"comment_status":"closed","ping_status":"closed","template":"","meta":{"_bbp_topic_count":0,"_bbp_reply_count":0,"_bbp_total_topic_count":0,"_bbp_total_reply_count":0,"_bbp_voice_count":0,"_bbp_anonymous_reply_count":0,"_bbp_topic_count_hidden":0,"_bbp_reply_count_hidden":0,"_bbp_forum_subforum_count":0,"footnotes":""},"class_list":["post-344","page","type-page","status-publish","hentry","post"],"_links":{"self":[{"href":"https:\/\/dev3.thfgc.dk\/index.php?rest_route=\/wp\/v2\/pages\/344","targetHints":{"allow":["GET"]}}],"collection":[{"href":"https:\/\/dev3.thfgc.dk\/index.php?rest_route=\/wp\/v2\/pages"}],"about":[{"href":"https:\/\/dev3.thfgc.dk\/index.php?rest_route=\/wp\/v2\/types\/page"}],"author":[{"embeddable":true,"href":"https:\/\/dev3.thfgc.dk\/index.php?rest_route=\/wp\/v2\/users\/1"}],"replies":[{"embeddable":true,"href":"https:\/\/dev3.thfgc.dk\/index.php?rest_route=%2Fwp%2Fv2%2Fcomments&post=344"}],"version-history":[{"count":27,"href":"https:\/\/dev3.thfgc.dk\/index.php?rest_route=\/wp\/v2\/pages\/344\/revisions"}],"predecessor-version":[{"id":1381,"href":"https:\/\/dev3.thfgc.dk\/index.php?rest_route=\/wp\/v2\/pages\/344\/revisions\/1381"}],"wp:attachment":[{"href":"https:\/\/dev3.thfgc.dk\/index.php?rest_route=%2Fwp%2Fv2%2Fmedia&parent=344"}],"curies":[{"name":"wp","href":"https:\/\/api.w.org\/{rel}","templated":true}]}}